{"id":116582,"date":"2023-07-31T22:00:23","date_gmt":"2023-07-31T22:00:23","guid":{"rendered":"https:\/\/www.laserostop.be\/meningen-laserostop-klanten\/"},"modified":"2025-09-18T14:19:53","modified_gmt":"2025-09-18T14:19:53","slug":"beoordeling-laserostop-belgie","status":"publish","type":"page","link":"https:\/\/www.laserostop.be\/nl\/beoordeling-laserostop-belgie\/","title":{"rendered":"Beoordeling laserOstop"},"content":{"rendered":"\t\t<div data-elementor-type=\"wp-page\" data-elementor-id=\"116582\" class=\"elementor elementor-116582 elementor-62740\" data-elementor-post-type=\"page\">\n\t\t\t\t\t\t<section class=\"elementor-section elementor-top-section elementor-element elementor-element-262d90c elementor-section-boxed elementor-section-height-default elementor-section-height-default\" data-id=\"262d90c\" data-element_type=\"section\" data-e-type=\"section\" data-settings=\"{&quot;background_background&quot;:&quot;classic&quot;}\">\n\t\t\t\t\t\t<div class=\"elementor-container elementor-column-gap-wider\">\n\t\t\t\t\t<div class=\"elementor-column elementor-col-100 elementor-top-column elementor-element elementor-element-cb55a0e\" data-id=\"cb55a0e\" data-element_type=\"column\" data-e-type=\"column\">\n\t\t\t<div class=\"elementor-widget-wrap elementor-element-populated\">\n\t\t\t\t\t\t<div class=\"elementor-element elementor-element-c4d2350 elementor-widget elementor-widget-heading\" data-id=\"c4d2350\" data-element_type=\"widget\" data-e-type=\"widget\" data-widget_type=\"heading.default\">\n\t\t\t\t<div class=\"elementor-widget-container\">\n\t\t\t\t\t<h1 class=\"elementor-heading-title elementor-size-default\"> <span style=\"color: #fff\">Beoordeling laserOstop<\/span> Wat zeggen onze klanten? \n<\/h1>\t\t\t\t<\/div>\n\t\t\t\t<\/div>\n\t\t\t\t<div class=\"elementor-element elementor-element-8adfa90 elementor-widget elementor-widget-text-editor\" data-id=\"8adfa90\" data-element_type=\"widget\" data-e-type=\"widget\" data-widget_type=\"text-editor.default\">\n\t\t\t\t<div class=\"elementor-widget-container\">\n\t\t\t\t\t\t\t\t\t<p>Wilt u stoppen met het roken van sigaretten of zelfs cannabis? Maar u blijft sceptisch over de effectiviteit van de laserOstop anti-tabakslaser? Lees dan de beoordelingen over laserOstop van onze klanten en stop met roken.<\/p>\t\t\t\t\t\t\t\t<\/div>\n\t\t\t\t<\/div>\n\t\t\t\t\t<\/div>\n\t\t<\/div>\n\t\t\t\t\t<\/div>\n\t\t<\/section>\n\t\t\t\t<section class=\"elementor-section elementor-top-section elementor-element elementor-element-3875b74 elementor-reverse-mobile elementor-reverse-tablet elementor-section-boxed elementor-section-height-default elementor-section-height-default\" data-id=\"3875b74\" data-element_type=\"section\" data-e-type=\"section\" data-settings=\"{&quot;background_background&quot;:&quot;classic&quot;}\">\n\t\t\t\t\t\t<div class=\"elementor-container elementor-column-gap-wider\">\n\t\t\t\t\t<div class=\"elementor-column elementor-col-100 elementor-top-column elementor-element elementor-element-21c85fe\" data-id=\"21c85fe\" data-element_type=\"column\" data-e-type=\"column\">\n\t\t\t<div class=\"elementor-widget-wrap elementor-element-populated\">\n\t\t\t\t\t\t<div class=\"elementor-element elementor-element-098254b elementor-widget elementor-widget-heading\" data-id=\"098254b\" data-element_type=\"widget\" data-e-type=\"widget\" data-widget_type=\"heading.default\">\n\t\t\t\t<div class=\"elementor-widget-container\">\n\t\t\t\t\t<h2 class=\"elementor-heading-title elementor-size-default\">laserOstop-beoordelingen van onze klanten \n<\/h2>\t\t\t\t<\/div>\n\t\t\t\t<\/div>\n\t\t\t\t<div class=\"elementor-element elementor-element-0d7d9c4 elementor-widget elementor-widget-text-editor\" data-id=\"0d7d9c4\" data-element_type=\"widget\" data-e-type=\"widget\" data-widget_type=\"text-editor.default\">\n\t\t\t\t<div class=\"elementor-widget-container\">\n\t\t\t\t\t\t\t\t\t<p>Voor de meest aarzelende en sceptische onder u: laat u overtuigen om te stoppen met roken bij Europa&#8217;s nummer 1 specialist op het gebied van stoppen met roken.<\/p><p>Bekijk laserOstop-beoordelingen en maak nu een afspraak. Er is zeker een <a href=\"https:\/\/www.laserostop.be\/nl\/laserostop-rook-stop-centra\/\">lasercentrum tegen roken<\/a> van laserOstop bij u in de buurt.<\/p>\t\t\t\t\t\t\t\t<\/div>\n\t\t\t\t<\/div>\n\t\t\t\t<div class=\"elementor-element elementor-element-c572d9c elementor-align-center elementor-mobile-align-justify elementor-tablet-align-left elementor-widget elementor-widget-button\" data-id=\"c572d9c\" data-element_type=\"widget\" data-e-type=\"widget\" data-widget_type=\"button.default\">\n\t\t\t\t<div class=\"elementor-widget-container\">\n\t\t\t\t\t\t\t\t\t<div class=\"elementor-button-wrapper\">\n\t\t\t\t\t<a class=\"elementor-button elementor-button-link elementor-size-md\" href=\"https:\/\/www.laserostop.be\/nl\/laserostop-rook-stop-centra\/\">\n\t\t\t\t\t\t<span class=\"elementor-button-content-wrapper\">\n\t\t\t\t\t\t\t\t\t<span class=\"elementor-button-text\"> een maak afspraak<\/span>\n\t\t\t\t\t<\/span>\n\t\t\t\t\t<\/a>\n\t\t\t\t<\/div>\n\t\t\t\t\t\t\t\t<\/div>\n\t\t\t\t<\/div>\n\t\t\t\t<div class=\"elementor-element elementor-element-97a88d2 elementor-widget elementor-widget-heading\" data-id=\"97a88d2\" data-element_type=\"widget\" data-e-type=\"widget\" data-widget_type=\"heading.default\">\n\t\t\t\t<div class=\"elementor-widget-container\">\n\t\t\t\t\t<h3 class=\"elementor-heading-title elementor-size-default\">Meningen van klanten over laserOstop op Google en Facebook\n<\/h3>\t\t\t\t<\/div>\n\t\t\t\t<\/div>\n\t\t\t\t<div class=\"elementor-element elementor-element-af5cb47 elementor-widget elementor-widget-text-editor\" data-id=\"af5cb47\" data-element_type=\"widget\" data-e-type=\"widget\" data-widget_type=\"text-editor.default\">\n\t\t\t\t<div class=\"elementor-widget-container\">\n\t\t\t\t\t\t\t\t\t<p><div class=\"wprevpro-shortcode-wrapper\"><div class=\"wprevpro wprev-no-slider revnotsameheight\" id=\"wprev-slider-3\"><div class=\"wprevpro_t7_outer_div w3_wprs-row wprevprodiv\">\r\n<div class=\" wprevpro_t7_DIV_1 w3_wprs-col l4 outerrevdiv\">\r\n<div class=\"wpproslider_t7_DIV_1a\">\r\n\t<div class=\"wpproslider_t7_DIV_2 wprev_preview_bg1_T7 wprev_preview_bradius_T7\">\r\n\t<div class=\"wpproslider_t7_DIV_2_top\">\r\n\t\t<div class=\"wpproslider_t7_DIV_3L\">\r\n\t\t\t<div class=\"wpproslider_t7_DIV_3_logo\"><a href=\"https:\/\/www.google.com\/maps\/contrib\/108760211770832296147\/place\/ChIJuTw3fuwvjEcRX-ZQFqkq3d4\" target=\"_blank\" rel=\"nofollow noreferrer noopener\" class=\"wprevpro_t7_site_logo_a\"><img decoding=\"async\" width=32 height=32 src=\"https:\/\/www.laserostop.be\/wp-content\/plugins\/wp-review-slider-pro\/public\/partials\/imgs\/google_small_icon.svg\" alt=\"Google Logo\" class=\"wprevpro_t7_site_logo wprevsiteicon \"><\/a><\/div>\r\n\t\t\t<div class=\"wpproslider_t7_star_DIV\"><span class=\"wprevpro_star_imgs_T7\"><span class=\"starloc1 wprevpro_star_imgs wprevpro_star_imgsloc1\"><span class=\"svgicons svg-wprsp-star\"><\/span><span class=\"svgicons svg-wprsp-star\"><\/span><span class=\"svgicons svg-wprsp-star\"><\/span><span class=\"svgicons svg-wprsp-star\"><\/span><span class=\"svgicons svg-wprsp-star\"><\/span><\/span><\/span><\/div>\r\n\t\t<\/div>\r\n\t<\/div>\r\n\t<div class=\"indrevdiv wpproslider_t7_DIV_4\">\r\n\t\t<div class=\" wpproslider_t7_DIV_3\">\r\n\t\t\t<div class=\"indrevtxt wpproslider_t7_P_4 wprev_preview_tcolor1_T7\"><div class='readmoretextdiv indrevlineclamp' data-lines='3' data-revid='87'>\t\t\t\tJ\u2019ai eu mon rendez-vous chez Laser O&#8217;Stop le 22 mars 2024 et, depuis, je ne fume plus ! L\u2019exp\u00e9rience a \u00e9t\u00e9 tr\u00e8s positive, et je n\u2019ai eu aucune rechute. La m\u00e9thode a vraiment fonctionn\u00e9 pour moi. Je recommande vivement \u00e0 toute personne souhaitant arr\u00eater de fumer efficacement !<\/div><div class='divwprsrdmore' style='opacity:0;'><span class='wprs_rd_more'>lire plus<\/span><span class='wprs_rd_less' style='display:none;'>fermer<\/span><\/div>\t\t\t\t\t\t\t<\/div>\r\n\t\t<\/div>\r\n\t\t<div class=\"t7displayname wpproslider_t7_STRONG_5 wprev_preview_tcolor2_T7\">Noemie peyer<\/div>\r\n\t\t<div class=\"wpproslider_t7_SPAN_6 wprev_preview_tcolor2_T7\"><span class=\"wprev_showdate_T7\">12\/02\/2025<\/span><\/div>\r\n\t\t\r\n\t\t\t\t<\/div>\r\n\r\n\t<\/div>\r\n\t\r\n<\/div>\r\n\t\r\n<\/div>\r\n<div class=\" wprevpro_t7_DIV_1 w3_wprs-col l4 outerrevdiv\">\r\n<div class=\"wpproslider_t7_DIV_1a\">\r\n\t<div class=\"wpproslider_t7_DIV_2 wprev_preview_bg1_T7 wprev_preview_bradius_T7\">\r\n\t<div class=\"wpproslider_t7_DIV_2_top\">\r\n\t\t<div class=\"wpproslider_t7_DIV_3L\">\r\n\t\t\t<div class=\"wpproslider_t7_DIV_3_logo\"><a href=\"https:\/\/www.facebook.com\/pg\/337842836868189\/reviews\/\" target=\"_blank\" rel=\"nofollow noreferrer noopener\" class=\"wprevpro_t7_site_logo_a\"><img decoding=\"async\" width=32 height=32 src=\"https:\/\/www.laserostop.be\/wp-content\/plugins\/wp-review-slider-pro\/public\/partials\/imgs\/facebook_small_icon.svg\" alt=\"Facebook Logo\" class=\"wprevpro_t7_site_logo wprevsiteicon \"><\/a><\/div>\r\n\t\t\t<div class=\"wpproslider_t7_star_DIV\"><span class=\"wprevpro_star_imgs_T7\"><span class=\"starloc1 wprevpro_star_imgs wprevpro_star_imgsloc1\"><span class=\"svgicons svg-wprsp-star\"><\/span><span class=\"svgicons svg-wprsp-star\"><\/span><span class=\"svgicons svg-wprsp-star\"><\/span><span class=\"svgicons svg-wprsp-star\"><\/span><span class=\"svgicons svg-wprsp-star\"><\/span><\/span><\/span><\/div>\r\n\t\t<\/div>\r\n\t<\/div>\r\n\t<div class=\"indrevdiv wpproslider_t7_DIV_4\">\r\n\t\t<div class=\" wpproslider_t7_DIV_3\">\r\n\t\t\t<div class=\"indrevtxt wpproslider_t7_P_4 wprev_preview_tcolor1_T7\"><div class='readmoretextdiv indrevlineclamp' data-lines='3' data-revid='30'>\t\t\t\tTraitement effectu\u00e9 il y a 9 jours, depuis plus une cigarette, un l\u00e9ger manque de temps en temps, largement supportable&#8230; par contre je revis, plus de toux, retour du souffle et de sacr\u00e9es \u00e9conomies&#8230;.<br>\nAllez y les yeux ferm\u00e9s, la m\u00e9thode est redoutable pour les cigarettes!<\/div><div class='divwprsrdmore' style='opacity:0;'><span class='wprs_rd_more'>lire plus<\/span><span class='wprs_rd_less' style='display:none;'>fermer<\/span><\/div>\t\t\t\t\t\t\t<\/div>\r\n\t\t<\/div>\r\n\t\t<div class=\"t7displayname wpproslider_t7_STRONG_5 wprev_preview_tcolor2_T7\">Isa Lauris Crosas<\/div>\r\n\t\t<div class=\"wpproslider_t7_SPAN_6 wprev_preview_tcolor2_T7\"><span class=\"wprev_showdate_T7\">13\/12\/2019<\/span><\/div>\r\n\t\t\r\n\t\t\t\t<\/div>\r\n\r\n\t<\/div>\r\n\t\r\n<\/div>\r\n\t\r\n<\/div>\r\n<div class=\" wprevpro_t7_DIV_1 w3_wprs-col l4 outerrevdiv\">\r\n<div class=\"wpproslider_t7_DIV_1a\">\r\n\t<div class=\"wpproslider_t7_DIV_2 wprev_preview_bg1_T7 wprev_preview_bradius_T7\">\r\n\t<div class=\"wpproslider_t7_DIV_2_top\">\r\n\t\t<div class=\"wpproslider_t7_DIV_3L\">\r\n\t\t\t<div class=\"wpproslider_t7_DIV_3_logo\"><a href=\"https:\/\/www.facebook.com\/pg\/337842836868189\/reviews\/\" target=\"_blank\" rel=\"nofollow noreferrer noopener\" class=\"wprevpro_t7_site_logo_a\"><img decoding=\"async\" width=32 height=32 src=\"https:\/\/www.laserostop.be\/wp-content\/plugins\/wp-review-slider-pro\/public\/partials\/imgs\/facebook_small_icon.svg\" alt=\"Facebook Logo\" class=\"wprevpro_t7_site_logo wprevsiteicon \"><\/a><\/div>\r\n\t\t\t<div class=\"wpproslider_t7_star_DIV\"><span class=\"wprevpro_star_imgs_T7\"><span class=\"starloc1 wprevpro_star_imgs wprevpro_star_imgsloc1\"><span class=\"svgicons svg-wprsp-star\"><\/span><span class=\"svgicons svg-wprsp-star\"><\/span><span class=\"svgicons svg-wprsp-star\"><\/span><span class=\"svgicons svg-wprsp-star\"><\/span><span class=\"svgicons svg-wprsp-star\"><\/span><\/span><\/span><\/div>\r\n\t\t<\/div>\r\n\t<\/div>\r\n\t<div class=\"indrevdiv wpproslider_t7_DIV_4\">\r\n\t\t<div class=\" wpproslider_t7_DIV_3\">\r\n\t\t\t<div class=\"indrevtxt wpproslider_t7_P_4 wprev_preview_tcolor1_T7\"><div class='readmoretextdiv indrevlineclamp' data-lines='3' data-revid='37'>\t\t\t\tUne semaine sans une cigarette &#8230; je suis trop heureuse&#8230; merci \u00e0 ma volont\u00e9 aussi &#8230;. et au magicien de laserostop <br>\r\nMes enfants ont r\u00e9colt\u00e9s 70\u20ac d\u2019argent de poche\ud83d\ude02\ud83d\ude02\ud83d\ude02<\/div><div class='divwprsrdmore' style='opacity:0;'><span class='wprs_rd_more'>lire plus<\/span><span class='wprs_rd_less' style='display:none;'>fermer<\/span><\/div>\t\t\t\t\t\t\t<\/div>\r\n\t\t<\/div>\r\n\t\t<div class=\"t7displayname wpproslider_t7_STRONG_5 wprev_preview_tcolor2_T7\">Myriam Bacconnet<\/div>\r\n\t\t<div class=\"wpproslider_t7_SPAN_6 wprev_preview_tcolor2_T7\"><span class=\"wprev_showdate_T7\">15\/11\/2019<\/span><\/div>\r\n\t\t\r\n\t\t\t\t<\/div>\r\n\r\n\t<\/div>\r\n\t\r\n<\/div>\r\n\t\r\n<\/div>\r\n<\/div>\r\n<div class=\"wprevpro_t7_outer_div w3_wprs-row wprevprodiv\">\r\n<div class=\" wprevpro_t7_DIV_1 w3_wprs-col l4 outerrevdiv\">\r\n<div class=\"wpproslider_t7_DIV_1a\">\r\n\t<div class=\"wpproslider_t7_DIV_2 wprev_preview_bg1_T7 wprev_preview_bradius_T7\">\r\n\t<div class=\"wpproslider_t7_DIV_2_top\">\r\n\t\t<div class=\"wpproslider_t7_DIV_3L\">\r\n\t\t\t<div class=\"wpproslider_t7_DIV_3_logo\"><a href=\"https:\/\/search.google.com\/local\/reviews?placeid=ChIJuTw3fuwvjEcRX-ZQFqkq3d4\" target=\"_blank\" rel=\"nofollow noreferrer noopener\" class=\"wprevpro_t7_site_logo_a\"><img decoding=\"async\" width=32 height=32 src=\"https:\/\/www.laserostop.be\/wp-content\/plugins\/wp-review-slider-pro\/public\/partials\/imgs\/google_small_icon.svg\" alt=\"Google Logo\" class=\"wprevpro_t7_site_logo wprevsiteicon \"><\/a><\/div>\r\n\t\t\t<div class=\"wpproslider_t7_star_DIV\"><span class=\"wprevpro_star_imgs_T7\"><span class=\"starloc1 wprevpro_star_imgs wprevpro_star_imgsloc1\"><span class=\"svgicons svg-wprsp-star\"><\/span><span class=\"svgicons svg-wprsp-star\"><\/span><span class=\"svgicons svg-wprsp-star\"><\/span><span class=\"svgicons svg-wprsp-star\"><\/span><span class=\"svgicons svg-wprsp-star\"><\/span><\/span><\/span><\/div>\r\n\t\t<\/div>\r\n\t<\/div>\r\n\t<div class=\"indrevdiv wpproslider_t7_DIV_4\">\r\n\t\t<div class=\" wpproslider_t7_DIV_3\">\r\n\t\t\t<div class=\"indrevtxt wpproslider_t7_P_4 wprev_preview_tcolor1_T7\"><div class='readmoretextdiv indrevlineclamp' data-lines='3' data-revid='59'>\t\t\t\t\u00c7a fonctionne !!! On passe de presque deux paquets a trouver l&#8217;odeur infecte!<\/div><div class='divwprsrdmore' style='opacity:0;'><span class='wprs_rd_more'>lire plus<\/span><span class='wprs_rd_less' style='display:none;'>fermer<\/span><\/div>\t\t\t\t\t\t\t<\/div>\r\n\t\t<\/div>\r\n\t\t<div class=\"t7displayname wpproslider_t7_STRONG_5 wprev_preview_tcolor2_T7\">Emma Azconegui<\/div>\r\n\t\t<div class=\"wpproslider_t7_SPAN_6 wprev_preview_tcolor2_T7\"><span class=\"wprev_showdate_T7\">17\/01\/2023<\/span><\/div>\r\n\t\t\r\n\t\t\t\t<\/div>\r\n\r\n\t<\/div>\r\n\t\r\n<\/div>\r\n\t\r\n<\/div>\r\n<div class=\" wprevpro_t7_DIV_1 w3_wprs-col l4 outerrevdiv\">\r\n<div class=\"wpproslider_t7_DIV_1a\">\r\n\t<div class=\"wpproslider_t7_DIV_2 wprev_preview_bg1_T7 wprev_preview_bradius_T7\">\r\n\t<div class=\"wpproslider_t7_DIV_2_top\">\r\n\t\t<div class=\"wpproslider_t7_DIV_3L\">\r\n\t\t\t<div class=\"wpproslider_t7_DIV_3_logo\"><a href=\"https:\/\/search.google.com\/local\/reviews?placeid=ChIJO0HgjGoZjkcR9JEQEuDAchI\" target=\"_blank\" rel=\"nofollow noreferrer noopener\" class=\"wprevpro_t7_site_logo_a\"><img decoding=\"async\" width=32 height=32 src=\"https:\/\/www.laserostop.be\/wp-content\/plugins\/wp-review-slider-pro\/public\/partials\/imgs\/google_small_icon.svg\" alt=\"Google Logo\" class=\"wprevpro_t7_site_logo wprevsiteicon \"><\/a><\/div>\r\n\t\t\t<div class=\"wpproslider_t7_star_DIV\"><span class=\"wprevpro_star_imgs_T7\"><span class=\"starloc1 wprevpro_star_imgs wprevpro_star_imgsloc1\"><span class=\"svgicons svg-wprsp-star\"><\/span><span class=\"svgicons svg-wprsp-star\"><\/span><span class=\"svgicons svg-wprsp-star\"><\/span><span class=\"svgicons svg-wprsp-star\"><\/span><span class=\"svgicons svg-wprsp-star\"><\/span><\/span><\/span><\/div>\r\n\t\t<\/div>\r\n\t<\/div>\r\n\t<div class=\"indrevdiv wpproslider_t7_DIV_4\">\r\n\t\t<div class=\" wpproslider_t7_DIV_3\">\r\n\t\t\t<div class=\"indrevtxt wpproslider_t7_P_4 wprev_preview_tcolor1_T7\"><div class='readmoretextdiv indrevlineclamp' data-lines='3' data-revid='62'>\t\t\t\tJe recommande \u00e0 100% LaserOstop pour leur grand professionnalisme.<\/div><div class='divwprsrdmore' style='opacity:0;'><span class='wprs_rd_more'>lire plus<\/span><span class='wprs_rd_less' style='display:none;'>fermer<\/span><\/div>\t\t\t\t\t\t\t<\/div>\r\n\t\t<\/div>\r\n\t\t<div class=\"t7displayname wpproslider_t7_STRONG_5 wprev_preview_tcolor2_T7\">Rapha\u00ebl Gygax<\/div>\r\n\t\t<div class=\"wpproslider_t7_SPAN_6 wprev_preview_tcolor2_T7\"><span class=\"wprev_showdate_T7\">17\/01\/2023<\/span><\/div>\r\n\t\t\r\n\t\t\t\t<\/div>\r\n\r\n\t<\/div>\r\n\t\r\n<\/div>\r\n\t\r\n<\/div>\r\n<div class=\" wprevpro_t7_DIV_1 w3_wprs-col l4 outerrevdiv\">\r\n<div class=\"wpproslider_t7_DIV_1a\">\r\n\t<div class=\"wpproslider_t7_DIV_2 wprev_preview_bg1_T7 wprev_preview_bradius_T7\">\r\n\t<div class=\"wpproslider_t7_DIV_2_top\">\r\n\t\t<div class=\"wpproslider_t7_DIV_3L\">\r\n\t\t\t<div class=\"wpproslider_t7_DIV_3_logo\"><a href=\"https:\/\/www.facebook.com\/pg\/337842836868189\/reviews\/\" target=\"_blank\" rel=\"nofollow noreferrer noopener\" class=\"wprevpro_t7_site_logo_a\"><img decoding=\"async\" width=32 height=32 src=\"https:\/\/www.laserostop.be\/wp-content\/plugins\/wp-review-slider-pro\/public\/partials\/imgs\/facebook_small_icon.svg\" alt=\"Facebook Logo\" class=\"wprevpro_t7_site_logo wprevsiteicon \"><\/a><\/div>\r\n\t\t\t<div class=\"wpproslider_t7_star_DIV\"><span class=\"wprevpro_star_imgs_T7\"><span class=\"starloc1 wprevpro_star_imgs wprevpro_star_imgsloc1\"><span class=\"svgicons svg-wprsp-star\"><\/span><span class=\"svgicons svg-wprsp-star\"><\/span><span class=\"svgicons svg-wprsp-star\"><\/span><span class=\"svgicons svg-wprsp-star\"><\/span><span class=\"svgicons svg-wprsp-star\"><\/span><\/span><\/span><\/div>\r\n\t\t<\/div>\r\n\t<\/div>\r\n\t<div class=\"indrevdiv wpproslider_t7_DIV_4\">\r\n\t\t<div class=\" wpproslider_t7_DIV_3\">\r\n\t\t\t<div class=\"indrevtxt wpproslider_t7_P_4 wprev_preview_tcolor1_T7\"><div class='readmoretextdiv indrevlineclamp' data-lines='3' data-revid='32'>\t\t\t\tApr\u00e8s avoir essay\u00e9 les patchs, l&#8217;hypnose, pour moi cela reste le plus concluant.<br>\nGrand merci.<br>\nP. Luc<\/div><div class='divwprsrdmore' style='opacity:0;'><span class='wprs_rd_more'>lire plus<\/span><span class='wprs_rd_less' style='display:none;'>fermer<\/span><\/div>\t\t\t\t\t\t\t<\/div>\r\n\t\t<\/div>\r\n\t\t<div class=\"t7displayname wpproslider_t7_STRONG_5 wprev_preview_tcolor2_T7\">Luc Pascal<\/div>\r\n\t\t<div class=\"wpproslider_t7_SPAN_6 wprev_preview_tcolor2_T7\"><span class=\"wprev_showdate_T7\">05\/12\/2019<\/span><\/div>\r\n\t\t\r\n\t\t\t\t<\/div>\r\n\r\n\t<\/div>\r\n\t\r\n<\/div>\r\n\t\r\n<\/div>\r\n<\/div>\r\n<div style=display:none; class=\"wprevpro_load_more_div\" ><button data-notinstring=\"87,30,37,59,62,32\" data-onemobil=\"no\" data-revsameheight=\"no\" data-endless=\"yes\" data-callnum=\"1\" data-ismasonry=\"no\" data-slideshow=\"\" data-tid=\"3\" data-nrows=\"2\" data-perrow=\"3\" data-cpostid=\"116582\" data-shortcodepageid=\"\" data-shortcodelang=\"\" data-shortcodetag=\"\" class=\"wprevpro_load_more_btn brnprevclass \" id=\"wprev_load_more_btn_3\" >Voir plus<\/button><img decoding=\"async\" loading=\"lazy\" src=\"https:\/\/www.laserostop.be\/wp-content\/plugins\/wp-review-slider-pro\/public\/partials\/imgs\/loading_ripple.gif\" class=\"wprploadmore_loading_image \" alt=\"Button to load more customer reviews\" style=\"display:none;\"><\/div><\/div><\/div><\/p>\t\t\t\t\t\t\t\t<\/div>\n\t\t\t\t<\/div>\n\t\t\t\t\t<\/div>\n\t\t<\/div>\n\t\t\t\t\t<\/div>\n\t\t<\/section>\n\t\t\t\t<section class=\"elementor-section elementor-top-section elementor-element elementor-element-800f300 elementor-section-content-middle elementor-section-boxed elementor-section-height-default elementor-section-height-default\" data-id=\"800f300\" data-element_type=\"section\" data-e-type=\"section\" data-settings=\"{&quot;background_background&quot;:&quot;classic&quot;}\">\n\t\t\t\t\t\t<div class=\"elementor-container elementor-column-gap-wider\">\n\t\t\t\t\t<div class=\"elementor-column elementor-col-50 elementor-top-column elementor-element elementor-element-d14a6fa\" data-id=\"d14a6fa\" data-element_type=\"column\" data-e-type=\"column\" data-settings=\"{&quot;background_background&quot;:&quot;classic&quot;}\">\n\t\t\t<div class=\"elementor-widget-wrap elementor-element-populated\">\n\t\t\t\t\t\t<div class=\"elementor-element elementor-element-47526e0 elementor-widget elementor-widget-heading\" data-id=\"47526e0\" data-element_type=\"widget\" data-e-type=\"widget\" data-widget_type=\"heading.default\">\n\t\t\t\t<div class=\"elementor-widget-container\">\n\t\t\t\t\t<h2 class=\"elementor-heading-title elementor-size-default\">Overtuigd door de laserostop-beoordelingen van onze klanten? <br><br>Wacht dan niet langer en maak online een afspraak bij het laserOstop-lasercentrum tegen roken bij u in de buurt!\n<\/h2>\t\t\t\t<\/div>\n\t\t\t\t<\/div>\n\t\t\t\t\t<\/div>\n\t\t<\/div>\n\t\t\t\t<div class=\"elementor-column elementor-col-50 elementor-top-column elementor-element elementor-element-511aab6\" data-id=\"511aab6\" data-element_type=\"column\" data-e-type=\"column\" data-settings=\"{&quot;background_background&quot;:&quot;classic&quot;}\">\n\t\t\t<div class=\"elementor-widget-wrap elementor-element-populated\">\n\t\t\t\t\t\t<div class=\"elementor-element elementor-element-02e9e1e elementor-align-center elementor-tablet-align-center elementor-mobile-align-justify elementor-widget elementor-widget-button\" data-id=\"02e9e1e\" data-element_type=\"widget\" data-e-type=\"widget\" data-widget_type=\"button.default\">\n\t\t\t\t<div class=\"elementor-widget-container\">\n\t\t\t\t\t\t\t\t\t<div class=\"elementor-button-wrapper\">\n\t\t\t\t\t<a class=\"elementor-button elementor-button-link elementor-size-xl\" href=\"https:\/\/www.laserostop.be\/nl\/laserostop-rook-stop-centra\/\">\n\t\t\t\t\t\t<span class=\"elementor-button-content-wrapper\">\n\t\t\t\t\t\t\t\t\t<span class=\"elementor-button-text\"> een maak afspraak<\/span>\n\t\t\t\t\t<\/span>\n\t\t\t\t\t<\/a>\n\t\t\t\t<\/div>\n\t\t\t\t\t\t\t\t<\/div>\n\t\t\t\t<\/div>\n\t\t\t\t\t<\/div>\n\t\t<\/div>\n\t\t\t\t\t<\/div>\n\t\t<\/section>\n\t\t\t\t<\/div>\n\t\t","protected":false},"excerpt":{"rendered":"<p>Beoordeling laserOstop Wat zeggen onze klanten? Wilt u stoppen met het roken van sigaretten of zelfs cannabis? Maar u blijft sceptisch over de effectiviteit van de laserOstop anti-tabakslaser? Lees dan de beoordelingen over laserOstop van onze klanten en stop met roken. laserOstop-beoordelingen van onze klanten Voor de meest aarzelende en sceptische onder u: laat u&hellip;<\/p>\n","protected":false},"author":1,"featured_media":0,"parent":0,"menu_order":0,"comment_status":"closed","ping_status":"closed","template":"elementor_header_footer","meta":{"inline_featured_image":false,"_analytify_skip_tracking":false,"footnotes":""},"class_list":["post-116582","page","type-page","status-publish","hentry"],"_links":{"self":[{"href":"https:\/\/www.laserostop.be\/nl\/wp-json\/wp\/v2\/pages\/116582","targetHints":{"allow":["GET"]}}],"collection":[{"href":"https:\/\/www.laserostop.be\/nl\/wp-json\/wp\/v2\/pages"}],"about":[{"href":"https:\/\/www.laserostop.be\/nl\/wp-json\/wp\/v2\/types\/page"}],"author":[{"embeddable":true,"href":"https:\/\/www.laserostop.be\/nl\/wp-json\/wp\/v2\/users\/1"}],"replies":[{"embeddable":true,"href":"https:\/\/www.laserostop.be\/nl\/wp-json\/wp\/v2\/comments?post=116582"}],"version-history":[{"count":0,"href":"https:\/\/www.laserostop.be\/nl\/wp-json\/wp\/v2\/pages\/116582\/revisions"}],"wp:attachment":[{"href":"https:\/\/www.laserostop.be\/nl\/wp-json\/wp\/v2\/media?parent=116582"}],"curies":[{"name":"wp","href":"https:\/\/api.w.org\/{rel}","templated":true}]}}