{"id":116526,"date":"2020-05-14T12:51:35","date_gmt":"2020-05-14T12:51:35","guid":{"rendered":"https:\/\/www.laserostop.be\/rechtliche-hinweise\/"},"modified":"2023-10-19T16:37:59","modified_gmt":"2023-10-19T16:37:59","slug":"rechtliche-hinweise","status":"publish","type":"page","link":"https:\/\/www.laserostop.be\/de\/rechtliche-hinweise\/","title":{"rendered":"Rechtliche Hinweise"},"content":{"rendered":"\t\t<div data-elementor-type=\"wp-page\" data-elementor-id=\"116526\" class=\"elementor elementor-116526 elementor-3762\" data-elementor-post-type=\"page\">\n\t\t\t\t\t\t<section class=\"elementor-section elementor-top-section elementor-element elementor-element-7c427c4 elementor-section-boxed elementor-section-height-default elementor-section-height-default\" data-id=\"7c427c4\" data-element_type=\"section\" data-e-type=\"section\" data-settings=\"{&quot;background_background&quot;:&quot;classic&quot;}\">\n\t\t\t\t\t\t<div class=\"elementor-container elementor-column-gap-wider\">\n\t\t\t\t\t<div class=\"elementor-column elementor-col-100 elementor-top-column elementor-element elementor-element-76b6ab7\" data-id=\"76b6ab7\" data-element_type=\"column\" data-e-type=\"column\">\n\t\t\t<div class=\"elementor-widget-wrap elementor-element-populated\">\n\t\t\t\t\t\t<div class=\"elementor-element elementor-element-1728e15 elementor-widget elementor-widget-heading\" data-id=\"1728e15\" data-element_type=\"widget\" data-e-type=\"widget\" data-widget_type=\"heading.default\">\n\t\t\t\t<div class=\"elementor-widget-container\">\n\t\t\t\t\t<h2 class=\"elementor-heading-title elementor-size-default\">Rechtliche Hinweise<\/h2>\t\t\t\t<\/div>\n\t\t\t\t<\/div>\n\t\t\t\t\t<\/div>\n\t\t<\/div>\n\t\t\t\t\t<\/div>\n\t\t<\/section>\n\t\t\t\t<section class=\"elementor-section elementor-top-section elementor-element elementor-element-ec7919a elementor-section-boxed elementor-section-height-default elementor-section-height-default\" data-id=\"ec7919a\" data-element_type=\"section\" data-e-type=\"section\">\n\t\t\t\t\t\t<div class=\"elementor-container elementor-column-gap-default\">\n\t\t\t\t\t<div class=\"elementor-column elementor-col-100 elementor-top-column elementor-element elementor-element-f3ec68c\" data-id=\"f3ec68c\" data-element_type=\"column\" data-e-type=\"column\">\n\t\t\t<div class=\"elementor-widget-wrap elementor-element-populated\">\n\t\t\t\t\t\t<div class=\"elementor-element elementor-element-dfffc94 elementor-widget elementor-widget-text-editor\" data-id=\"dfffc94\" data-element_type=\"widget\" data-e-type=\"widget\" data-widget_type=\"text-editor.default\">\n\t\t\t\t<div class=\"elementor-widget-container\">\n\t\t\t\t\t\t\t\t\t<p>Gem\u00e4\u00df den Bestimmungen der Artikel 6-III und 19 des Gesetzes Nr. 2004-575 vom 21. Juni 2004 \u00fcber das Vertrauen in die digitale Wirtschaft, auch L.C.E.N. genannt, bringen wir den Nutzern und Besuchern der Website: <a href=\"https:\/\/www.laserostop.be\/de\/\">www.laserostop.be<\/a> folgende Informationen zur Kenntnis:<\/p>\n<p><strong>EDITOR<\/strong><br \/>Die Website <a href=\"https:\/\/www.laserostop.be\/de\/\">https:\/\/www.laserostop.be<\/a> ist das alleinige Eigentum von <strong>S.A.S.U <\/strong>.<strong>MA\u00cbLLA <\/strong>, die sie herausgibt.<\/p>\n<p><strong>MA\u00cbLLA  <\/strong><br \/><strong>S.A.S.U <\/strong>. mit einem Kapital von <strong>1.000\u20ac<\/strong><\/p>\n<p>Tel: <strong>04 83 73 93 05<br \/><\/strong><\/p>\n<p><strong><span class=\"LrzXr\">31 Impasse Pao,<\/span> <\/strong><strong>83110 Sanary-sur-Mer<\/strong><br \/>Eingetragen im Handels- und Gesellschaftsregister von <strong>Toulon <\/strong>unter der Nummer <strong>851 683 102 00012<\/strong><\/p>\n<p>Umsatzsteuer-Identifikationsnummer: <strong>FR60851683102<\/strong><br \/>E-Mail-Adresse: <strong>contact@laserostop.com<\/strong><\/p>\n<p>Leiter der Ver\u00f6ffentlichung: <strong>Ars\u00e8ne Atmani<\/strong><br \/>Kontaktieren Sie den Verantwortlichen f\u00fcr die Ver\u00f6ffentlichung: <strong>contact@laserostop.com<\/strong><\/p>\n<p><strong>UNTERKUNFT<\/strong><\/p>\n<p>Die Website wird von <strong>O2switch 222-224 Boulevard Gustave Flaubert 63000 Clermont-Ferrand<\/strong> gehostet.<strong><br \/><\/strong><\/p>\n<p><strong>ERSTELLUNG EINER INTERNETSEITE<\/strong><\/p>\n<p>Die Website wurde von<strong> NGL Cr\u00e9ation<\/strong> erstellt: <a href=\"https:\/\/www.ngl-cr%C3%A9ation.com\" target=\"_blank\" rel=\"noopener\">Website-Erstellung<\/a> &amp; SEO-Optimierung<\/p>\n\t\t\t\t\t\t\t\t<\/div>\n\t\t\t\t<\/div>\n\t\t\t\t\t<\/div>\n\t\t<\/div>\n\t\t\t\t\t<\/div>\n\t\t<\/section>\n\t\t\t\t<\/div>\n\t\t","protected":false},"excerpt":{"rendered":"<p>Rechtliche Hinweise Gem\u00e4\u00df den Bestimmungen der Artikel 6-III und 19 des Gesetzes Nr. 2004-575 vom 21. Juni 2004 \u00fcber das Vertrauen in die digitale Wirtschaft, auch L.C.E.N. genannt, bringen wir den Nutzern und Besuchern der Website: www.laserostop.be folgende Informationen zur Kenntnis: EDITORDie Website https:\/\/www.laserostop.be ist das alleinige Eigentum von S.A.S.U .MA\u00cbLLA , die sie herausgibt.&hellip;<\/p>\n","protected":false},"author":1,"featured_media":0,"parent":0,"menu_order":0,"comment_status":"closed","ping_status":"closed","template":"elementor_header_footer","meta":{"inline_featured_image":false,"_analytify_skip_tracking":false,"footnotes":""},"class_list":["post-116526","page","type-page","status-publish","hentry"],"_links":{"self":[{"href":"https:\/\/www.laserostop.be\/de\/wp-json\/wp\/v2\/pages\/116526","targetHints":{"allow":["GET"]}}],"collection":[{"href":"https:\/\/www.laserostop.be\/de\/wp-json\/wp\/v2\/pages"}],"about":[{"href":"https:\/\/www.laserostop.be\/de\/wp-json\/wp\/v2\/types\/page"}],"author":[{"embeddable":true,"href":"https:\/\/www.laserostop.be\/de\/wp-json\/wp\/v2\/users\/1"}],"replies":[{"embeddable":true,"href":"https:\/\/www.laserostop.be\/de\/wp-json\/wp\/v2\/comments?post=116526"}],"version-history":[{"count":0,"href":"https:\/\/www.laserostop.be\/de\/wp-json\/wp\/v2\/pages\/116526\/revisions"}],"wp:attachment":[{"href":"https:\/\/www.laserostop.be\/de\/wp-json\/wp\/v2\/media?parent=116526"}],"curies":[{"name":"wp","href":"https:\/\/api.w.org\/{rel}","templated":true}]}}